{"id":415,"date":"2021-08-26T16:36:27","date_gmt":"2021-08-26T19:36:27","guid":{"rendered":"http:\/\/158.170.66.230\/dicyt\/?page_id=415"},"modified":"2025-04-30T15:54:27","modified_gmt":"2025-04-30T18:54:27","slug":"documentos-y-procesos","status":"publish","type":"page","link":"https:\/\/dicyt.usach.cl\/index.php\/documentos-y-procesos\/","title":{"rendered":"Documentos y procesos"},"content":{"rendered":"\t\t<div data-elementor-type=\"wp-page\" data-elementor-id=\"415\" class=\"elementor elementor-415\" data-elementor-post-type=\"page\">\n\t\t\t\t\t\t\t\t\t<section class=\"elementor-section elementor-top-section elementor-element elementor-element-4c22c7ce elementor-section-full_width elementor-section-stretched elementor-section-height-default elementor-section-height-default\" data-id=\"4c22c7ce\" data-element_type=\"section\" data-settings=\"{&quot;stretch_section&quot;:&quot;section-stretched&quot;}\">\n\t\t\t\t\t\t<div class=\"elementor-container elementor-column-gap-default\">\n\t\t\t\t\t<div class=\"elementor-column elementor-col-100 elementor-top-column elementor-element elementor-element-7d04241c\" data-id=\"7d04241c\" data-element_type=\"column\" data-settings=\"{&quot;background_background&quot;:&quot;classic&quot;}\">\n\t\t\t<div class=\"elementor-widget-wrap elementor-element-populated\">\n\t\t\t\t\t\t\t\t\t<\/div>\n\t\t<\/div>\n\t\t\t\t\t\t\t<\/div>\n\t\t<\/section>\n\t\t\t\t<section class=\"elementor-section elementor-top-section elementor-element elementor-element-74b44681 elementor-section-full_width elementor-section-stretched elementor-section-height-default elementor-section-height-default\" data-id=\"74b44681\" data-element_type=\"section\" data-settings=\"{&quot;background_background&quot;:&quot;classic&quot;,&quot;stretch_section&quot;:&quot;section-stretched&quot;}\">\n\t\t\t\t\t\t<div class=\"elementor-container elementor-column-gap-default\">\n\t\t\t\t\t<div class=\"elementor-column elementor-col-100 elementor-top-column elementor-element elementor-element-6a52a9b6\" data-id=\"6a52a9b6\" data-element_type=\"column\">\n\t\t\t<div class=\"elementor-widget-wrap elementor-element-populated\">\n\t\t\t\t\t\t\t\t<div class=\"elementor-element elementor-element-4e54dc0a animated-fast elementor-invisible elementor-widget elementor-widget-heading\" data-id=\"4e54dc0a\" data-element_type=\"widget\" data-settings=\"{&quot;_animation&quot;:&quot;zoomIn&quot;}\" data-widget_type=\"heading.default\">\n\t\t\t\t<div class=\"elementor-widget-container\">\n\t\t\t<h2 class=\"elementor-heading-title elementor-size-default\">REPOSITORIO DE <b>DOCUMENTOS INSTITUCIONALES<\/b><\/h2>\t\t<\/div>\n\t\t\t\t<\/div>\n\t\t\t\t\t<\/div>\n\t\t<\/div>\n\t\t\t\t\t\t\t<\/div>\n\t\t<\/section>\n\t\t\t\t<section class=\"elementor-section elementor-top-section elementor-element elementor-element-16c3c936 elementor-section-full_width elementor-section-height-default elementor-section-height-default\" data-id=\"16c3c936\" data-element_type=\"section\" data-settings=\"{&quot;background_background&quot;:&quot;classic&quot;}\">\n\t\t\t\t\t\t<div class=\"elementor-container elementor-column-gap-default\">\n\t\t\t\t\t<div class=\"elementor-column elementor-col-100 elementor-top-column elementor-element elementor-element-3074ca0a\" data-id=\"3074ca0a\" data-element_type=\"column\">\n\t\t\t<div class=\"elementor-widget-wrap elementor-element-populated\">\n\t\t\t\t\t\t\t\t<div class=\"elementor-element elementor-element-18b85836 animated-fast elementor-tabs-view-horizontal elementor-invisible elementor-widget elementor-widget-tabs\" data-id=\"18b85836\" data-element_type=\"widget\" data-settings=\"{&quot;_animation&quot;:&quot;bounceInUp&quot;}\" data-widget_type=\"tabs.default\">\n\t\t\t\t<div class=\"elementor-widget-container\">\n\t\t\t\t\t<div class=\"elementor-tabs\">\n\t\t\t<div class=\"elementor-tabs-wrapper\" role=\"tablist\" >\n\t\t\t\t\t\t\t\t\t<div id=\"elementor-tab-title-4141\" class=\"elementor-tab-title elementor-tab-desktop-title\" aria-selected=\"true\" data-tab=\"1\" role=\"tab\" tabindex=\"0\" aria-controls=\"elementor-tab-content-4141\" aria-expanded=\"false\">POL\u00cdTICAS Y REGLAMENTOS <\/div>\n\t\t\t\t\t\t\t\t\t<div id=\"elementor-tab-title-4142\" class=\"elementor-tab-title elementor-tab-desktop-title\" aria-selected=\"false\" data-tab=\"2\" role=\"tab\" tabindex=\"-1\" aria-controls=\"elementor-tab-content-4142\" aria-expanded=\"false\">PROCESOS GENERALES<\/div>\n\t\t\t\t\t\t\t\t\t<div id=\"elementor-tab-title-4143\" class=\"elementor-tab-title elementor-tab-desktop-title\" aria-selected=\"false\" data-tab=\"3\" role=\"tab\" tabindex=\"-1\" aria-controls=\"elementor-tab-content-4143\" aria-expanded=\"false\">GU\u00cdAS Y MANUALES<\/div>\n\t\t\t\t\t\t\t\t\t<div id=\"elementor-tab-title-4144\" class=\"elementor-tab-title elementor-tab-desktop-title\" aria-selected=\"false\" data-tab=\"4\" role=\"tab\" tabindex=\"-1\" aria-controls=\"elementor-tab-content-4144\" aria-expanded=\"false\">SOLICITUDES Y DIRECTRICES PARA GASTOS DICYT<\/div>\n\t\t\t\t\t\t\t<\/div>\n\t\t\t<div class=\"elementor-tabs-content-wrapper\" role=\"tablist\" aria-orientation=\"vertical\">\n\t\t\t\t\t\t\t\t\t<div class=\"elementor-tab-title elementor-tab-mobile-title\" aria-selected=\"true\" data-tab=\"1\" role=\"tab\" tabindex=\"0\" aria-controls=\"elementor-tab-content-4141\" aria-expanded=\"false\">POL\u00cdTICAS Y REGLAMENTOS <\/div>\n\t\t\t\t\t<div id=\"elementor-tab-content-4141\" class=\"elementor-tab-content elementor-clearfix\" data-tab=\"1\" role=\"tabpanel\" aria-labelledby=\"elementor-tab-title-4141\" tabindex=\"0\" hidden=\"false\"><ul><li>Pol\u00edticas de Investigaci\u00f3n, Desarrollo e Innovaci\u00f3n USACH\u00a0<a href=\"http:\/\/vriic.usach.cl\/wp-content\/uploads\/2021\/08\/Politica-de-Investigacion-1.pdf\">DESCARGAR<\/a><\/li><li>Incentivo a la publicaci\u00f3n de paper <a href=\"https:\/\/vriic.usach.cl\/wp-content\/uploads\/2021\/08\/Incentivo-a-la-publicacion-de-paper.pdf\">DESCARGAR<\/a><\/li><li><span style=\"font-style: inherit; font-weight: inherit; color: var( --e-global-color-text ); font-family: var( --e-global-typography-secondary-font-family ), Sans-serif;\">Reglamento de Conflicto de Inter\u00e9s <\/span><a style=\"font-style: inherit; font-weight: inherit; font-family: var( --e-global-typography-secondary-font-family ), Sans-serif; background-color: #f7fdff;\" href=\"https:\/\/vriic.usach.cl\/wp-content\/uploads\/2021\/08\/Reglamento-de-Conflicto-de-Interes.pdf\">DESCARGAR<\/a><\/li><li>Reglamento de overhead y gastos de administraci\u00f3n <a href=\"https:\/\/vriic.usach.cl\/wp-content\/uploads\/2021\/08\/Reglamento-de-overhead_gastos-de-administracion.pdf\">DESCARGAR<\/a><\/li><li>Reglamento Fondo Institucional de Apoyo a la Infraestructura <a href=\"https:\/\/vriic.usach.cl\/wp-content\/uploads\/2021\/08\/reglamento_vidrei_fondo_institucional_de_apoyo_a_la_infraestructura.pdf\">DESCARGAR<\/a><\/li><li>Reglamento para la Administraci\u00f3n de Proyectos Externos y Donaciones <a href=\"https:\/\/vriic.usach.cl\/wp-content\/uploads\/2021\/08\/reglamento_administracion_proyectos_2017.pdf\">DESCARGAR<\/a><\/li><li>Reglamento de Edici\u00f3n y Publicaci\u00f3n de Revistas Cient\u00edficas <a href=\"https:\/\/dicyt.usach.cl\/wp-content\/uploads\/2024\/11\/Rex-aprueba-reglamento-Revistas-2024-2.pdf\" target=\"_blank\" rel=\"noopener\">DESCARGAR<\/a><\/li><\/ul><\/div>\n\t\t\t\t\t\t\t\t\t<div class=\"elementor-tab-title elementor-tab-mobile-title\" aria-selected=\"false\" data-tab=\"2\" role=\"tab\" tabindex=\"-1\" aria-controls=\"elementor-tab-content-4142\" aria-expanded=\"false\">PROCESOS GENERALES<\/div>\n\t\t\t\t\t<div id=\"elementor-tab-content-4142\" class=\"elementor-tab-content elementor-clearfix\" data-tab=\"2\" role=\"tabpanel\" aria-labelledby=\"elementor-tab-title-4142\" tabindex=\"0\" hidden=\"hidden\"><ul><li>Proceso de Gesti\u00f3n de Proyectos Internos DICYT <a href=\"https:\/\/dicyt.usach.cl\/wp-content\/uploads\/2021\/09\/Proceso-proyectos-internos-DICYT.pdf\">DESCARGAR<\/a><\/li><li>Proceso de Gesti\u00f3n de Proyectos Externos DICYT <a href=\"https:\/\/dicyt.usach.cl\/wp-content\/uploads\/2021\/09\/Proceso-proyectos-externos-DICYT.pdf\">DESCARGAR<\/a><\/li><li>Proceso de Incentivo a la Investigaci\u00f3n <a href=\"https:\/\/dicyt.usach.cl\/wp-content\/uploads\/2021\/09\/Proceso-incentivo-a-la-investigacio\u0301n-DICYT.pdf\">DESCARGAR<\/a><\/li><li>Proceso de Apoyo a las Publicaciones <a href=\"https:\/\/dicyt.usach.cl\/wp-content\/uploads\/2021\/09\/Proceso-apoyo-a-las-publicaciones-DICYT.pdf\">DESCARGAR<\/a><\/li><li>Formulario Cierre de Proyectos Postdoc\/Ayudantes de Investigaci\u00f3n<a href=\"https:\/\/dicyt.usach.cl\/wp-content\/uploads\/2023\/09\/Formulario-Cierre-AyudantePostdoc.docx\" target=\"_blank\" rel=\"noopener\"> DESCARGAR<\/a><\/li><li>Informe de Actividades Apoyo Asistencia a Eventos <a href=\"https:\/\/dicyt.usach.cl\/wp-content\/uploads\/2023\/09\/Informe-de-Actividades-Apoyo-a-Eventos-1.docx\" target=\"_blank\" rel=\"noopener\">DESCARGAR<\/a><\/li><li>Calendario de Convocatorias Dicyt 2025 <a href=\"https:\/\/dicyt.usach.cl\/wp-content\/uploads\/2025\/04\/calendariodicyt_2025_8.pdf\" target=\"_blank\" rel=\"noopener\">DESCARGAR<\/a><\/li><\/ul><\/div>\n\t\t\t\t\t\t\t\t\t<div class=\"elementor-tab-title elementor-tab-mobile-title\" aria-selected=\"false\" data-tab=\"3\" role=\"tab\" tabindex=\"-1\" aria-controls=\"elementor-tab-content-4143\" aria-expanded=\"false\">GU\u00cdAS Y MANUALES<\/div>\n\t\t\t\t\t<div id=\"elementor-tab-content-4143\" class=\"elementor-tab-content elementor-clearfix\" data-tab=\"3\" role=\"tabpanel\" aria-labelledby=\"elementor-tab-title-4143\" tabindex=\"0\" hidden=\"hidden\"><ul><li>Gu\u00eda de Cooperaci\u00f3n Internacional Covid-19 <a href=\"https:\/\/vriic.usach.cl\/wp-content\/uploads\/2021\/08\/guia_rapida_covid_19.pdf\">DESCARGAR<\/a><\/li><li>Gu\u00eda de Fondos de Cooperaci\u00f3n Internacional <a href=\"https:\/\/vriic.usach.cl\/wp-content\/uploads\/2021\/08\/Gui\u0301a-de-Fondos-de-Cooperacio\u0301n-Internacional.pdf\">DESCARGAR<\/a><\/li><\/ul><\/div>\n\t\t\t\t\t\t\t\t\t<div class=\"elementor-tab-title elementor-tab-mobile-title\" aria-selected=\"false\" data-tab=\"4\" role=\"tab\" tabindex=\"-1\" aria-controls=\"elementor-tab-content-4144\" aria-expanded=\"false\">SOLICITUDES Y DIRECTRICES PARA GASTOS DICYT<\/div>\n\t\t\t\t\t<div id=\"elementor-tab-content-4144\" class=\"elementor-tab-content elementor-clearfix\" data-tab=\"4\" role=\"tabpanel\" aria-labelledby=\"elementor-tab-title-4144\" tabindex=\"0\" hidden=\"hidden\"><ul><li>Instructivo de Gastos A\u00f1o 2025 <a href=\"https:\/\/dicyt.usach.cl\/wp-content\/uploads\/2025\/04\/instructivodesgastos_2025-1-1.pdf\" target=\"_blank\" rel=\"noopener\">DESCARGAR<\/a>\u00a0<\/li><li>Especificaciones M\u00ednimas para Compras 2025 <a href=\"https:\/\/dicyt.usach.cl\/wp-content\/uploads\/2025\/03\/Especificaciones-minimas-para-compras-2025-1.pdf\">DESCARGAR<\/a><\/li><li>Formulario Honorarios Solicitud Convenio Mensual y Global <a href=\"https:\/\/dicyt.usach.cl\/wp-content\/uploads\/2024\/06\/Formulario-Honorarios-Solicitud-Convenio-Honorario-Mensual-y-Global-1.docx\" target=\"_blank\" rel=\"noopener\">DESCARGAR<\/a><\/li><li>Formulario Honorarios Solicitud Convenio por producto <a href=\"https:\/\/dicyt.usach.cl\/wp-content\/uploads\/2024\/06\/Formulario-Honorarios-Solicitud-Convenio-Honorario-por-Producto-1.docx\" target=\"_blank\" rel=\"noopener\">DESCARGAR<\/a><\/li><li>Formulario Honorarios Constancia Experto <a href=\"https:\/\/dicyt.usach.cl\/wp-content\/uploads\/2024\/03\/Formulario-Honorarios-Constancia-Experto.docx\" target=\"_blank\" rel=\"noopener\">DESCARGAR<\/a><\/li><li>Formulario Honorarios Autorizaci\u00f3n de Dep\u00f3sito <a href=\"https:\/\/dicyt.usach.cl\/wp-content\/uploads\/2024\/03\/1-Formulario-Honorarios_Autorizacion-Deposito.doc\" target=\"_blank\" rel=\"noopener\">DESCARGAR<\/a><\/li><li>Formato Excel Renuncia a Honorarios <a href=\"https:\/\/dicyt.usach.cl\/wp-content\/uploads\/2024\/03\/Formato-Excel-Renuncia-a-Honorarios.xls\" target=\"_blank\" rel=\"noopener\">DESCARGAR<\/a><\/li><li>Formato Carta Renuncia a Honorarios <a href=\"https:\/\/dicyt.usach.cl\/wp-content\/uploads\/2024\/09\/Formato-Carta-Renuncia-a-Honorarios.docx\">DESCARGAR<\/a><\/li><li>Formulario de Solicitud Beca <a href=\"https:\/\/dicyt.usach.cl\/wp-content\/uploads\/2025\/03\/Formulario-Solicitud-Becas-2025.docx\" target=\"_blank\" rel=\"noopener\">DESCARGAR<\/a><\/li><li>Formulario de Solicitud de Reembolso Inscripci\u00f3n\u00a0<a href=\"https:\/\/dicyt.usach.cl\/wp-content\/uploads\/2025\/03\/Formulario-Solicitud-Reembolso-Inscripcion-2025.docx\" target=\"_blank\" rel=\"noopener\">DESCARGAR<\/a><\/li><li>Formulario de Solicitud compra pasajes nacionales e internacionales <a href=\"https:\/\/dicyt.usach.cl\/wp-content\/uploads\/2025\/03\/Formulario-Solicitud-compra-pasajes-nacionales-e-internacionales-1.docx\" target=\"_blank\" rel=\"noopener\">DESCARGAR<\/a><\/li><li>Formulario de Solicitud de Vi\u00e1ticos\u00a0<a href=\"https:\/\/dicyt.usach.cl\/wp-content\/uploads\/2025\/03\/Formulario-Solicitud-Viaticos-2025.docx\" target=\"_blank\" rel=\"noopener\">DESCARGAR<\/a><\/li><li>Formulario de Informe de Recepci\u00f3n <a href=\"https:\/\/dicyt.usach.cl\/wp-content\/uploads\/2025\/03\/INFORME-RECEPCION-EJ-CATERING-1.docx\">DESCARGAR<\/a><\/li><li>Formulario de\u00a0Solicitud Compra (Convenio Marco &#8211; Compra \u00c1gil &#8211; Licitaci\u00f3n)\u00a0<a href=\"https:\/\/dicyt.usach.cl\/wp-content\/uploads\/2025\/03\/Formulario-SOLICITUD-DE-COMPRA-UAP-2025-_-3-1.docx\">DESCARGAR<\/a><\/li><li>Formulario de Solicitud Compra Directa\u00a0<a href=\"https:\/\/dicyt.usach.cl\/wp-content\/uploads\/2025\/03\/Formulario-SOLICITUD-DE-CONTRATACION-DIRECTA-2025-2.docx\">DESCARGAR<\/a><\/li><\/ul><\/div>\n\t\t\t\t\t\t\t<\/div>\n\t\t<\/div>\n\t\t\t\t<\/div>\n\t\t\t\t<\/div>\n\t\t\t\t\t<\/div>\n\t\t<\/div>\n\t\t\t\t\t\t\t<\/div>\n\t\t<\/section>\n\t\t\t\t\t\t\t<\/div>\n\t\t","protected":false},"excerpt":{"rendered":"<p>REPOSITORIO DE DOCUMENTOS INSTITUCIONALES POL\u00cdTICAS Y REGLAMENTOS PROCESOS GENERALES GU\u00cdAS Y MANUALES SOLICITUDES Y DIRECTRICES PARA GASTOS DICYT POL\u00cdTICAS Y REGLAMENTOS Pol\u00edticas de Investigaci\u00f3n, Desarrollo e Innovaci\u00f3n USACH\u00a0DESCARGAR Incentivo a la publicaci\u00f3n de paper DESCARGAR Reglamento de Conflicto de Inter\u00e9s DESCARGAR Reglamento de overhead y gastos de administraci\u00f3n DESCARGAR Reglamento Fondo Institucional de Apoyo a &hellip;<\/p>\n<p class=\"read-more\"> <a class=\"\" href=\"https:\/\/dicyt.usach.cl\/index.php\/documentos-y-procesos\/\"> <span class=\"screen-reader-text\">Documentos y procesos<\/span> Read More &raquo;<\/a><\/p>\n","protected":false},"author":1,"featured_media":0,"parent":0,"menu_order":0,"comment_status":"closed","ping_status":"closed","template":"","meta":{"inline_featured_image":false,"_mi_skip_tracking":false,"_monsterinsights_sitenote_active":false,"_monsterinsights_sitenote_note":"","_monsterinsights_sitenote_category":0,"site-sidebar-layout":"no-sidebar","site-content-layout":"page-builder","ast-site-content-layout":"","site-content-style":"default","site-sidebar-style":"default","ast-global-header-display":"","ast-banner-title-visibility":"","ast-main-header-display":"","ast-hfb-above-header-display":"","ast-hfb-below-header-display":"","ast-hfb-mobile-header-display":"","site-post-title":"disabled","ast-breadcrumbs-content":"","ast-featured-img":"disabled","footer-sml-layout":"","theme-transparent-header-meta":"default","adv-header-id-meta":"","stick-header-meta":"","header-above-stick-meta":"","header-main-stick-meta":"","header-below-stick-meta":"","astra-migrate-meta-layouts":"","ast-page-background-enabled":"default","ast-page-background-meta":{"desktop":{"background-color":"","background-image":"","background-repeat":"repeat","background-position":"center center","background-size":"auto","background-attachment":"scroll","background-type":"","background-media":"","overlay-type":"","overlay-color":"","overlay-gradient":""},"tablet":{"background-color":"","background-image":"","background-repeat":"repeat","background-position":"center center","background-size":"auto","background-attachment":"scroll","background-type":"","background-media":"","overlay-type":"","overlay-color":"","overlay-gradient":""},"mobile":{"background-color":"","background-image":"","background-repeat":"repeat","background-position":"center center","background-size":"auto","background-attachment":"scroll","background-type":"","background-media":"","overlay-type":"","overlay-color":"","overlay-gradient":""}},"ast-content-background-meta":{"desktop":{"background-color":"var(--ast-global-color-5)","background-image":"","background-repeat":"repeat","background-position":"center center","background-size":"auto","background-attachment":"scroll","background-type":"","background-media":"","overlay-type":"","overlay-color":"","overlay-gradient":""},"tablet":{"background-color":"var(--ast-global-color-5)","background-image":"","background-repeat":"repeat","background-position":"center center","background-size":"auto","background-attachment":"scroll","background-type":"","background-media":"","overlay-type":"","overlay-color":"","overlay-gradient":""},"mobile":{"background-color":"var(--ast-global-color-5)","background-image":"","background-repeat":"repeat","background-position":"center center","background-size":"auto","background-attachment":"scroll","background-type":"","background-media":"","overlay-type":"","overlay-color":"","overlay-gradient":""}},"footnotes":""},"rttpg_featured_image_url":null,"rttpg_author":{"display_name":"admin_dicyt","author_link":"https:\/\/dicyt.usach.cl\/index.php\/author\/admin_dicyt\/"},"rttpg_comment":0,"rttpg_category":null,"rttpg_excerpt":"REPOSITORIO DE DOCUMENTOS INSTITUCIONALES POL\u00cdTICAS Y REGLAMENTOS PROCESOS GENERALES GU\u00cdAS Y MANUALES SOLICITUDES Y DIRECTRICES PARA GASTOS DICYT POL\u00cdTICAS Y REGLAMENTOS Pol\u00edticas de Investigaci\u00f3n, Desarrollo e Innovaci\u00f3n USACH\u00a0DESCARGAR Incentivo a la publicaci\u00f3n de paper DESCARGAR Reglamento de Conflicto de Inter\u00e9s DESCARGAR Reglamento de overhead y gastos de administraci\u00f3n DESCARGAR Reglamento Fondo Institucional de Apoyo a&hellip;","_links":{"self":[{"href":"https:\/\/dicyt.usach.cl\/index.php\/wp-json\/wp\/v2\/pages\/415"}],"collection":[{"href":"https:\/\/dicyt.usach.cl\/index.php\/wp-json\/wp\/v2\/pages"}],"about":[{"href":"https:\/\/dicyt.usach.cl\/index.php\/wp-json\/wp\/v2\/types\/page"}],"author":[{"embeddable":true,"href":"https:\/\/dicyt.usach.cl\/index.php\/wp-json\/wp\/v2\/users\/1"}],"replies":[{"embeddable":true,"href":"https:\/\/dicyt.usach.cl\/index.php\/wp-json\/wp\/v2\/comments?post=415"}],"version-history":[{"count":301,"href":"https:\/\/dicyt.usach.cl\/index.php\/wp-json\/wp\/v2\/pages\/415\/revisions"}],"predecessor-version":[{"id":7388,"href":"https:\/\/dicyt.usach.cl\/index.php\/wp-json\/wp\/v2\/pages\/415\/revisions\/7388"}],"wp:attachment":[{"href":"https:\/\/dicyt.usach.cl\/index.php\/wp-json\/wp\/v2\/media?parent=415"}],"curies":[{"name":"wp","href":"https:\/\/api.w.org\/{rel}","templated":true}]}}